{"id":1708,"date":"2024-02-26T13:00:57","date_gmt":"2024-02-26T13:00:57","guid":{"rendered":"https:\/\/suza.hr\/?page_id=1708"},"modified":"2024-03-06T17:58:55","modified_gmt":"2024-03-06T17:58:55","slug":"book","status":"publish","type":"page","link":"https:\/\/suza.hr\/en\/book\/","title":{"rendered":"Book"},"content":{"rendered":"\n\n\t<section class=\"section\" id=\"section_1891956464\">\n\t\t<div class=\"section-bg fill\" >\n\t\t\t\t\t\t\t\t\t\n\t\t\t\n\t<div class=\"is-border\"\n\t\tstyle=\"border-width:0px 0px 1px 0px;\">\n\t<\/div>\n\n\t\t<\/div>\n\n\t\t\n\n\t\t<div class=\"section-content relative\">\n\t\t\t\n\n<div class=\"row\"  id=\"row-225377043\">\n\n\n\t<div id=\"col-974555890\" class=\"col small-12 large-12\"  >\n\t\t\t\t<div class=\"col-inner text-center\"  >\n\t\t\t\n\t\t\t\n\n\t<div class=\"img has-hover x md-x lg-x y md-y lg-y\" id=\"image_1228763898\">\n\t\t\t\t\t\t\t\t<div class=\"img-inner dark\" >\n\t\t\t<img decoding=\"async\" width=\"200\" height=\"200\" src=\"https:\/\/suza.hr\/wp-content\/uploads\/2024\/03\/Darjan_Bukovic_sales_event_manager.jpg\" class=\"attachment-original size-original\" alt=\"\" srcset=\"https:\/\/suza.hr\/wp-content\/uploads\/2024\/03\/Darjan_Bukovic_sales_event_manager.jpg 200w, https:\/\/suza.hr\/wp-content\/uploads\/2024\/03\/Darjan_Bukovic_sales_event_manager-100x100.jpg 100w, https:\/\/suza.hr\/wp-content\/uploads\/2024\/03\/Darjan_Bukovic_sales_event_manager-150x150.jpg 150w\" sizes=\"(max-width: 200px) 100vw, 200px\" \/>\t\t\t\t\t\t\n\t\t\t\t\t<\/div>\n\t\t\t\t\t\t\t\t\n<style>\n#image_1228763898 {\n  width: 40%;\n}\n@media (min-width:550px) {\n  #image_1228763898 {\n    width: 100%;\n  }\n}\n<\/style>\n\t<\/div>\n\t\n\n\t<div id=\"text-161454764\" class=\"text\">\n\t\t\n\n<h2>Darjan Bukovi\u0107<\/h2>\n\t\t\n<style>\n#text-161454764 {\n  color: rgb(255, 255, 255);\n}\n#text-161454764 > * {\n  color: rgb(255, 255, 255);\n}\n<\/style>\n\t<\/div>\n\t\n\t<div id=\"text-3766604070\" class=\"text\">\n\t\t\n\n<p>Sales &amp; Event <em>Manager<\/em><\/p>\n\t\t\n<style>\n#text-3766604070 {\n  color: rgb(255,255,255);\n}\n#text-3766604070 > * {\n  color: rgb(255,255,255);\n}\n<\/style>\n\t<\/div>\n\t\n\n\t\t<\/div>\n\t\t\t\t\n<style>\n#col-974555890 > .col-inner {\n  padding: 0px 0px 0px 0px;\n  margin: 0px 0px 0px 0px;\n}\n<\/style>\n\t<\/div>\n\n\t\n\n<\/div>\n\n\t\t<\/div>\n\n\t\t\n<style>\n#section_1891956464 {\n  padding-top: 30px;\n  padding-bottom: 30px;\n  margin-bottom: 0px;\n  background-color: #9c183e;\n}\n<\/style>\n\t<\/section>\n\t\n<div class=\"row row-collapse row-full-width align-equal align-center\"  id=\"row-1884666084\">\n\n\n\t<div id=\"col-2951210\" class=\"col medium-4 small-4 large-4\"  >\n\t\t\t\t<div class=\"col-inner text-center\"  >\n\t\t\t\n\t\t\t\n\n<a href=\"tel:+385917226395\" class=\"button primary expand\" >\n\t\t<span>call<\/span>\n\t<i class=\"icon-phone\" aria-hidden=\"true\"><\/i><\/a>\n\n\n\n\t\t<\/div>\n\t\t\t\t\n<style>\n#col-2951210 > .col-inner {\n  padding: 0px 0px 0px 0px;\n  margin: 0px 0px 0px 0px;\n}\n<\/style>\n\t<\/div>\n\n\t\n\n\t<div id=\"col-728882422\" class=\"col medium-4 small-4 large-4\"  >\n\t\t\t\t<div class=\"col-inner\"  >\n\t\t\t\n\t\t\t\n\n<a href=\"mailto:darjan@suza.hr\" class=\"button primary expand\" >\n\t\t<span>mail<\/span>\n\t<i class=\"icon-envelop\" aria-hidden=\"true\"><\/i><\/a>\n\n\n\n\t\t<\/div>\n\t\t\t\t\n<style>\n#col-728882422 > .col-inner {\n  padding: 0px 0px 0px 0px;\n  margin: 0px 0px 0px 0px;\n}\n<\/style>\n\t<\/div>\n\n\t\n\n\t<div id=\"col-1453236595\" class=\"col medium-4 small-4 large-4\"  >\n\t\t\t\t<div class=\"col-inner\"  >\n\t\t\t\n\t\t\t\n\n<a href=\"https:\/\/www.google.com\/maps\/place\/Suza+Croatia+Spirit\/@45.3450122,14.2870229,17z\/data=!3m1!4b1!4m6!3m5!1s0x4764a903e90a4da9:0xa8f7a2e4349fd060!8m2!3d45.3450085!4d14.2896032!16s%2Fg%2F11qq60jw_q?entry=ttu\" target=\"_blank\" class=\"button primary expand\" rel=\"noopener\">\n\t\t<span>where<\/span>\n\t<i class=\"icon-map-pin-fill\" aria-hidden=\"true\"><\/i><\/a>\n\n\n\n\t\t<\/div>\n\t\t\t\t\t<\/div>\n\n\t\n\n<\/div>\n\n\t<section class=\"section\" id=\"section_1728986537\">\n\t\t<div class=\"section-bg fill\" >\n\t\t\t\t\t\t\t\t\t\n\t\t\t\n\n\t\t<\/div>\n\n\t\t\n\n\t\t<div class=\"section-content relative\">\n\t\t\t\n\n<div class=\"row\"  id=\"row-1752504340\">\n\n\n\t<div id=\"col-1382750751\" class=\"col small-12 large-12\"  >\n\t\t\t\t<div class=\"col-inner\"  >\n\t\t\t\n\t\t\t\n\n<ul>\n<li>Degustacija likera, rakija i \u017eestokih pi\u0107a, meda i octa po tradicionalnoj recepturi obitelji Suzi\u0107<\/li>\n<li>Obilazak destilerije koji uklju\u010duje pri\u010du o povijesti Rijeke i okolice.<\/li>\n<li>Upoznavanje procesa proizvodnje rakije<\/li>\n<li>Degustacija proizvoda doma\u0107ih proizvo\u0111a\u010da<\/li>\n<li>Mogu\u0107nost kupnje proizvoda Suza Croatian Spirit<\/li>\n<li>Mogu\u0107nost izrade doma\u0107ih poga\u010dica<\/li>\n<\/ul>\n\n\t\t<\/div>\n\t\t\t\t\t<\/div>\n\n\t\n\n<\/div>\n\n\t\t<\/div>\n\n\t\t\n<style>\n#section_1728986537 {\n  padding-top: 30px;\n  padding-bottom: 30px;\n}\n@media (min-width:550px) {\n  #section_1728986537 {\n    padding-top: 30px;\n    padding-bottom: 30px;\n  }\n}\n<\/style>\n\t<\/section>\n\t\n\n","protected":false},"excerpt":{"rendered":"","protected":false},"author":1,"featured_media":0,"parent":0,"menu_order":0,"comment_status":"closed","ping_status":"closed","template":"page-blank-landingpage.php","meta":{"footnotes":""},"class_list":["post-1708","page","type-page","status-publish","hentry"],"_links":{"self":[{"href":"https:\/\/suza.hr\/en\/wp-json\/wp\/v2\/pages\/1708","targetHints":{"allow":["GET"]}}],"collection":[{"href":"https:\/\/suza.hr\/en\/wp-json\/wp\/v2\/pages"}],"about":[{"href":"https:\/\/suza.hr\/en\/wp-json\/wp\/v2\/types\/page"}],"author":[{"embeddable":true,"href":"https:\/\/suza.hr\/en\/wp-json\/wp\/v2\/users\/1"}],"replies":[{"embeddable":true,"href":"https:\/\/suza.hr\/en\/wp-json\/wp\/v2\/comments?post=1708"}],"version-history":[{"count":0,"href":"https:\/\/suza.hr\/en\/wp-json\/wp\/v2\/pages\/1708\/revisions"}],"wp:attachment":[{"href":"https:\/\/suza.hr\/en\/wp-json\/wp\/v2\/media?parent=1708"}],"curies":[{"name":"wp","href":"https:\/\/api.w.org\/{rel}","templated":true}]}}