{"id":2548,"date":"2020-12-14T11:30:17","date_gmt":"2020-12-14T11:30:17","guid":{"rendered":"https:\/\/suza.hr\/trgovina\/uncategorized\/rakija-to-go-gift-package\/"},"modified":"2026-01-19T12:08:26","modified_gmt":"2026-01-19T12:08:26","slug":"rakija-to-go-gift-package","status":"publish","type":"product","link":"https:\/\/suza.hr\/en\/proizvod\/rakija-to-go-gift-package\/","title":{"rendered":"Rakija-To-Go Gift Package"},"content":{"rendered":"","protected":false},"excerpt":{"rendered":"<p>The Rakija-To-Go gift package consists of 10 different rakijas and liqueurs. U\u010dkarica, Orahovac, Smokvica, Vi\u0161nja, \u0160ljivovica, Teraneo, Medica, Ruta, Biska and Borovni\u010dka.<\/p>\n<p>What&#8217;s your taste?<\/p>\n","protected":false},"featured_media":2550,"template":"","meta":[],"product_brand":[],"product_cat":[58],"product_tag":[],"class_list":{"0":"post-2548","1":"product","2":"type-product","3":"status-publish","4":"has-post-thumbnail","6":"product_cat-gift-sets","8":"first","9":"instock","10":"shipping-taxable","11":"purchasable","12":"product-type-simple"},"_links":{"self":[{"href":"https:\/\/suza.hr\/en\/wp-json\/wp\/v2\/product\/2548","targetHints":{"allow":["GET"]}}],"collection":[{"href":"https:\/\/suza.hr\/en\/wp-json\/wp\/v2\/product"}],"about":[{"href":"https:\/\/suza.hr\/en\/wp-json\/wp\/v2\/types\/product"}],"wp:featuredmedia":[{"embeddable":true,"href":"https:\/\/suza.hr\/en\/wp-json\/wp\/v2\/media\/2550"}],"wp:attachment":[{"href":"https:\/\/suza.hr\/en\/wp-json\/wp\/v2\/media?parent=2548"}],"wp:term":[{"taxonomy":"product_brand","embeddable":true,"href":"https:\/\/suza.hr\/en\/wp-json\/wp\/v2\/product_brand?post=2548"},{"taxonomy":"product_cat","embeddable":true,"href":"https:\/\/suza.hr\/en\/wp-json\/wp\/v2\/product_cat?post=2548"},{"taxonomy":"product_tag","embeddable":true,"href":"https:\/\/suza.hr\/en\/wp-json\/wp\/v2\/product_tag?post=2548"}],"curies":[{"name":"wp","href":"https:\/\/api.w.org\/{rel}","templated":true}]}}